{"id":6,"date":"2016-03-22T08:00:46","date_gmt":"2016-03-22T07:00:46","guid":{"rendered":"http:\/\/wnd-it.com\/wordpress\/?page_id=6"},"modified":"2026-03-30T11:11:48","modified_gmt":"2026-03-30T09:11:48","slug":"willkommen","status":"publish","type":"page","link":"https:\/\/wnd-it.com\/","title":{"rendered":"Willkommen"},"content":{"rendered":"<h3 style=\"text-align: center;\"><b><i>Herzlich willkommen bei <\/i><\/b><b><i><span style=\"color: #0000cc;\">WND<\/span><\/i><\/b><b><i>.<\/i><\/b><\/h3>\n<h6 style=\"text-align: center;\"><b><i><span style=\"font-size: xx-small;\"><br \/>\n<\/span><\/i><\/b> Seit dem Jahr 1998\u00a0sind wir Ihr zuverl\u00e4ssiger IT-Spezialist in Birkenau Odw.,<br \/>\nrund ums Thema <i><b>Hardware, Software, Security,<\/b> <b>Webdesign<\/b><\/i> und <i><b>vor Ort Service<\/b><\/i><b>!<\/b><\/h6>\n<p style=\"text-align: center;\"><img decoding=\"async\" loading=\"lazy\" class=\"alignnone wp-image-7\" src=\"http:\/\/wnd-it.com\/wordpress\/wp-content\/uploads\/2016\/03\/edvaktuell-300x107.png\" alt=\"edvaktuell\" width=\"398\" height=\"142\" srcset=\"https:\/\/wnd-it.com\/wp-content\/uploads\/2016\/03\/edvaktuell-300x107.png 300w, https:\/\/wnd-it.com\/wp-content\/uploads\/2016\/03\/edvaktuell.png 511w\" sizes=\"(max-width: 398px) 100vw, 398px\" \/><\/p>\n<h6 style=\"text-align: center;\"><span style=\"font-size: medium;\">Doch auch Ihre Anforderungen an die EDV wachsen st\u00e4ndig.<\/span><\/h6>\n<h6 style=\"text-align: center;\"><b>Wir beraten Sie und r\u00fcsten Sie passend aus und auf,<br \/>\ndamit Sie und Ihre Mitarbeiter effizient arbeiten k\u00f6nnen.<\/b><\/h6>\n","protected":false},"excerpt":{"rendered":"<p>Herzlich willkommen bei WND. Seit dem Jahr 1998\u00a0sind wir Ihr zuverl\u00e4ssiger IT-Spezialist in Birkenau Odw., rund ums Thema Hardware, Software, Security, Webdesign und vor Ort Service! Doch auch Ihre Anforderungen an die EDV wachsen st\u00e4ndig. Wir beraten Sie und r\u00fcsten Sie passend aus und auf, damit Sie und Ihre Mitarbeiter effizient arbeiten k\u00f6nnen.<\/p>\n","protected":false},"author":1,"featured_media":0,"parent":0,"menu_order":0,"comment_status":"closed","ping_status":"closed","template":"","meta":[],"_links":{"self":[{"href":"https:\/\/wnd-it.com\/index.php\/wp-json\/wp\/v2\/pages\/6"}],"collection":[{"href":"https:\/\/wnd-it.com\/index.php\/wp-json\/wp\/v2\/pages"}],"about":[{"href":"https:\/\/wnd-it.com\/index.php\/wp-json\/wp\/v2\/types\/page"}],"author":[{"embeddable":true,"href":"https:\/\/wnd-it.com\/index.php\/wp-json\/wp\/v2\/users\/1"}],"replies":[{"embeddable":true,"href":"https:\/\/wnd-it.com\/index.php\/wp-json\/wp\/v2\/comments?post=6"}],"version-history":[{"count":8,"href":"https:\/\/wnd-it.com\/index.php\/wp-json\/wp\/v2\/pages\/6\/revisions"}],"predecessor-version":[{"id":35,"href":"https:\/\/wnd-it.com\/index.php\/wp-json\/wp\/v2\/pages\/6\/revisions\/35"}],"wp:attachment":[{"href":"https:\/\/wnd-it.com\/index.php\/wp-json\/wp\/v2\/media?parent=6"}],"curies":[{"name":"wp","href":"https:\/\/api.w.org\/{rel}","templated":true}]}}